{"id":361,"date":"2024-11-22T13:18:50","date_gmt":"2024-11-22T12:18:50","guid":{"rendered":"https:\/\/expert-fermeture.fr\/?page_id=361"},"modified":"2024-11-22T13:27:36","modified_gmt":"2024-11-22T12:27:36","slug":"mentions-legales","status":"publish","type":"page","link":"https:\/\/expert-fermeture.fr\/index.php\/mentions-legales\/","title":{"rendered":"Mentions l\u00e9gales"},"content":{"rendered":"\t\t<div data-elementor-type=\"wp-page\" data-elementor-id=\"361\" class=\"elementor elementor-361\" data-elementor-post-type=\"page\">\n\t\t\t\t<div class=\"elementor-element elementor-element-cbb9705 e-flex e-con-boxed e-con e-parent\" data-id=\"cbb9705\" data-element_type=\"container\">\n\t\t\t\t\t<div class=\"e-con-inner\">\n\t\t\t\t<div class=\"elementor-element elementor-element-23cec10 elementor-widget elementor-widget-heading\" data-id=\"23cec10\" data-element_type=\"widget\" data-widget_type=\"heading.default\">\n\t\t\t\t<div class=\"elementor-widget-container\">\n\t\t\t<h2 class=\"elementor-heading-title elementor-size-default\">Mentions l\u00e9gales<\/h2>\t\t<\/div>\n\t\t\t\t<\/div>\n\t\t\t\t<div class=\"elementor-element elementor-element-c861ff5 elementor-widget elementor-widget-text-editor\" data-id=\"c861ff5\" data-element_type=\"widget\" data-widget_type=\"text-editor.default\">\n\t\t\t\t<div class=\"elementor-widget-container\">\n\t\t\t\t\t\t\t<p><strong>1. Identification de l\u2019\u00e9diteur du site<\/strong><br \/>Le pr\u00e9sent site est \u00e9dit\u00e9 par :<br \/><strong>DTH<\/strong><br \/>Soci\u00e9t\u00e9 au capital de 1 000 \u20ac<br \/><strong>Adresse<\/strong> : 7 Rue de Crosne, 95420 Magny-en-Vexin, France<br \/><strong>SIRET<\/strong> : ###<br \/><strong>T\u00e9l\u00e9phone<\/strong> : 01 85 43 02 31<br \/><strong>Email<\/strong> : contact@expertfermeture.fr<br \/><strong>Directeur de la publication<\/strong> : DTH<\/p><p><strong>2. H\u00e9bergement<\/strong><br \/>Le site est h\u00e9berg\u00e9 par :<br \/><strong>OVH<\/strong><br \/><strong>Adresse<\/strong> : 2 rue Kellermann, 59100 Roubaix, France<br \/><strong>T\u00e9l\u00e9phone<\/strong> : 1007 (depuis la France)<br \/><strong>Site web<\/strong> : <a href=\"https:\/\/www.ovh.com\" target=\"_new\" rel=\"noopener\">www.ovh.com<\/a><\/p><p><strong>3. Propri\u00e9t\u00e9 intellectuelle<\/strong><br \/>L&rsquo;ensemble des contenus pr\u00e9sents sur le site (textes, images, logos, graphismes, vid\u00e9os, etc.) est prot\u00e9g\u00e9 par les lois fran\u00e7aises relatives \u00e0 la propri\u00e9t\u00e9 intellectuelle.<br \/>Toute reproduction, repr\u00e9sentation, modification, publication ou adaptation des \u00e9l\u00e9ments du site, quel que soit le moyen ou le proc\u00e9d\u00e9 utilis\u00e9, est interdite, sauf autorisation \u00e9crite pr\u00e9alable de <strong>DTH<\/strong>.<\/p><p><strong>4. Protection des donn\u00e9es personnelles<\/strong><br \/>Les informations recueillies via les formulaires du site sont n\u00e9cessaires pour r\u00e9pondre \u00e0 vos demandes et sont destin\u00e9es uniquement \u00e0 <strong>DTH<\/strong>.<br \/>Conform\u00e9ment au R\u00e8glement G\u00e9n\u00e9ral sur la Protection des Donn\u00e9es (RGPD), vous disposez d\u2019un droit d\u2019acc\u00e8s, de rectification et de suppression de vos donn\u00e9es personnelles. Pour exercer ces droits, contactez-nous \u00e0 l\u2019adresse suivante : [Ajoutez une adresse email].<\/p><p><strong>5. Responsabilit\u00e9<\/strong><br \/><strong>DTH<\/strong> s\u2019efforce d\u2019assurer l\u2019exactitude et la mise \u00e0 jour des informations diffus\u00e9es sur le site. Cependant, l\u2019entreprise ne saurait \u00eatre tenue responsable des erreurs ou omissions, ou d\u2019un dommage direct ou indirect li\u00e9 \u00e0 l\u2019utilisation du site.<\/p><p><strong>6. Cookies<\/strong><br \/>Le site peut utiliser des cookies pour am\u00e9liorer l\u2019exp\u00e9rience utilisateur. Vous pouvez \u00e0 tout moment configurer votre navigateur pour refuser les cookies.<\/p>\t\t\t\t\t\t<\/div>\n\t\t\t\t<\/div>\n\t\t\t\t\t<\/div>\n\t\t\t\t<\/div>\n\t\t\t\t<\/div>\n\t\t","protected":false},"excerpt":{"rendered":"<p>Mentions l\u00e9gales 1. Identification de l\u2019\u00e9diteur du siteLe pr\u00e9sent site est \u00e9dit\u00e9 par :DTHSoci\u00e9t\u00e9 au capital de 1 000 \u20acAdresse : 7 Rue de Crosne, 95420 Magny-en-Vexin, FranceSIRET : ###T\u00e9l\u00e9phone : 01 85 43 02 31Email : contact@expertfermeture.frDirecteur de la publication : DTH 2. H\u00e9bergementLe site est h\u00e9berg\u00e9 par :OVHAdresse : 2 rue Kellermann, 59100 [&hellip;]<\/p>\n","protected":false},"author":1,"featured_media":0,"parent":0,"menu_order":0,"comment_status":"closed","ping_status":"closed","template":"","meta":{"footnotes":""},"class_list":["post-361","page","type-page","status-publish","hentry"],"yoast_head":"<!-- This site is optimized with the Yoast SEO plugin v24.0 - https:\/\/yoast.com\/wordpress\/plugins\/seo\/ -->\n<title>Mentions l\u00e9gales - Expert Fermeture<\/title>\n<meta name=\"robots\" content=\"index, follow, max-snippet:-1, max-image-preview:large, max-video-preview:-1\" \/>\n<link rel=\"canonical\" href=\"https:\/\/expert-fermeture.fr\/index.php\/mentions-legales\/\" \/>\n<meta property=\"og:locale\" content=\"fr_FR\" \/>\n<meta property=\"og:type\" content=\"article\" \/>\n<meta property=\"og:title\" content=\"Mentions l\u00e9gales - Expert Fermeture\" \/>\n<meta property=\"og:description\" content=\"Mentions l\u00e9gales 1. Identification de l\u2019\u00e9diteur du siteLe pr\u00e9sent site est \u00e9dit\u00e9 par :DTHSoci\u00e9t\u00e9 au capital de 1 000 \u20acAdresse : 7 Rue de Crosne, 95420 Magny-en-Vexin, FranceSIRET : ###T\u00e9l\u00e9phone : 01 85 43 02 31Email : contact@expertfermeture.frDirecteur de la publication : DTH 2. H\u00e9bergementLe site est h\u00e9berg\u00e9 par :OVHAdresse : 2 rue Kellermann, 59100 [&hellip;]\" \/>\n<meta property=\"og:url\" content=\"https:\/\/expert-fermeture.fr\/index.php\/mentions-legales\/\" \/>\n<meta property=\"og:site_name\" content=\"Expert Fermeture\" \/>\n<meta property=\"article:modified_time\" content=\"2024-11-22T12:27:36+00:00\" \/>\n<meta name=\"twitter:card\" content=\"summary_large_image\" \/>\n<meta name=\"twitter:label1\" content=\"Dur\u00e9e de lecture estim\u00e9e\" \/>\n\t<meta name=\"twitter:data1\" content=\"1 minute\" \/>\n<script type=\"application\/ld+json\" class=\"yoast-schema-graph\">{\"@context\":\"https:\/\/schema.org\",\"@graph\":[{\"@type\":\"WebPage\",\"@id\":\"https:\/\/expert-fermeture.fr\/index.php\/mentions-legales\/\",\"url\":\"https:\/\/expert-fermeture.fr\/index.php\/mentions-legales\/\",\"name\":\"Mentions l\u00e9gales - Expert Fermeture\",\"isPartOf\":{\"@id\":\"https:\/\/expert-fermeture.fr\/#website\"},\"datePublished\":\"2024-11-22T12:18:50+00:00\",\"dateModified\":\"2024-11-22T12:27:36+00:00\",\"breadcrumb\":{\"@id\":\"https:\/\/expert-fermeture.fr\/index.php\/mentions-legales\/#breadcrumb\"},\"inLanguage\":\"fr-FR\",\"potentialAction\":[{\"@type\":\"ReadAction\",\"target\":[\"https:\/\/expert-fermeture.fr\/index.php\/mentions-legales\/\"]}]},{\"@type\":\"BreadcrumbList\",\"@id\":\"https:\/\/expert-fermeture.fr\/index.php\/mentions-legales\/#breadcrumb\",\"itemListElement\":[{\"@type\":\"ListItem\",\"position\":1,\"name\":\"Accueil\",\"item\":\"https:\/\/expert-fermeture.fr\/\"},{\"@type\":\"ListItem\",\"position\":2,\"name\":\"Mentions l\u00e9gales\"}]},{\"@type\":\"WebSite\",\"@id\":\"https:\/\/expert-fermeture.fr\/#website\",\"url\":\"https:\/\/expert-fermeture.fr\/\",\"name\":\"Expert Fermeture\",\"description\":\"\",\"publisher\":{\"@id\":\"https:\/\/expert-fermeture.fr\/#organization\"},\"potentialAction\":[{\"@type\":\"SearchAction\",\"target\":{\"@type\":\"EntryPoint\",\"urlTemplate\":\"https:\/\/expert-fermeture.fr\/?s={search_term_string}\"},\"query-input\":{\"@type\":\"PropertyValueSpecification\",\"valueRequired\":true,\"valueName\":\"search_term_string\"}}],\"inLanguage\":\"fr-FR\"},{\"@type\":\"Organization\",\"@id\":\"https:\/\/expert-fermeture.fr\/#organization\",\"name\":\"Expert Fermeture\",\"url\":\"https:\/\/expert-fermeture.fr\/\",\"logo\":{\"@type\":\"ImageObject\",\"inLanguage\":\"fr-FR\",\"@id\":\"https:\/\/expert-fermeture.fr\/#\/schema\/logo\/image\/\",\"url\":\"https:\/\/expert-fermeture.fr\/wp-content\/uploads\/2024\/11\/Logo-new-1.svg\",\"contentUrl\":\"https:\/\/expert-fermeture.fr\/wp-content\/uploads\/2024\/11\/Logo-new-1.svg\",\"width\":653,\"height\":190,\"caption\":\"Expert Fermeture\"},\"image\":{\"@id\":\"https:\/\/expert-fermeture.fr\/#\/schema\/logo\/image\/\"}}]}<\/script>\n<!-- \/ Yoast SEO plugin. -->","yoast_head_json":{"title":"Mentions l\u00e9gales - Expert Fermeture","robots":{"index":"index","follow":"follow","max-snippet":"max-snippet:-1","max-image-preview":"max-image-preview:large","max-video-preview":"max-video-preview:-1"},"canonical":"https:\/\/expert-fermeture.fr\/index.php\/mentions-legales\/","og_locale":"fr_FR","og_type":"article","og_title":"Mentions l\u00e9gales - Expert Fermeture","og_description":"Mentions l\u00e9gales 1. Identification de l\u2019\u00e9diteur du siteLe pr\u00e9sent site est \u00e9dit\u00e9 par :DTHSoci\u00e9t\u00e9 au capital de 1 000 \u20acAdresse : 7 Rue de Crosne, 95420 Magny-en-Vexin, FranceSIRET : ###T\u00e9l\u00e9phone : 01 85 43 02 31Email : contact@expertfermeture.frDirecteur de la publication : DTH 2. H\u00e9bergementLe site est h\u00e9berg\u00e9 par :OVHAdresse : 2 rue Kellermann, 59100 [&hellip;]","og_url":"https:\/\/expert-fermeture.fr\/index.php\/mentions-legales\/","og_site_name":"Expert Fermeture","article_modified_time":"2024-11-22T12:27:36+00:00","twitter_card":"summary_large_image","twitter_misc":{"Dur\u00e9e de lecture estim\u00e9e":"1 minute"},"schema":{"@context":"https:\/\/schema.org","@graph":[{"@type":"WebPage","@id":"https:\/\/expert-fermeture.fr\/index.php\/mentions-legales\/","url":"https:\/\/expert-fermeture.fr\/index.php\/mentions-legales\/","name":"Mentions l\u00e9gales - Expert Fermeture","isPartOf":{"@id":"https:\/\/expert-fermeture.fr\/#website"},"datePublished":"2024-11-22T12:18:50+00:00","dateModified":"2024-11-22T12:27:36+00:00","breadcrumb":{"@id":"https:\/\/expert-fermeture.fr\/index.php\/mentions-legales\/#breadcrumb"},"inLanguage":"fr-FR","potentialAction":[{"@type":"ReadAction","target":["https:\/\/expert-fermeture.fr\/index.php\/mentions-legales\/"]}]},{"@type":"BreadcrumbList","@id":"https:\/\/expert-fermeture.fr\/index.php\/mentions-legales\/#breadcrumb","itemListElement":[{"@type":"ListItem","position":1,"name":"Accueil","item":"https:\/\/expert-fermeture.fr\/"},{"@type":"ListItem","position":2,"name":"Mentions l\u00e9gales"}]},{"@type":"WebSite","@id":"https:\/\/expert-fermeture.fr\/#website","url":"https:\/\/expert-fermeture.fr\/","name":"Expert Fermeture","description":"","publisher":{"@id":"https:\/\/expert-fermeture.fr\/#organization"},"potentialAction":[{"@type":"SearchAction","target":{"@type":"EntryPoint","urlTemplate":"https:\/\/expert-fermeture.fr\/?s={search_term_string}"},"query-input":{"@type":"PropertyValueSpecification","valueRequired":true,"valueName":"search_term_string"}}],"inLanguage":"fr-FR"},{"@type":"Organization","@id":"https:\/\/expert-fermeture.fr\/#organization","name":"Expert Fermeture","url":"https:\/\/expert-fermeture.fr\/","logo":{"@type":"ImageObject","inLanguage":"fr-FR","@id":"https:\/\/expert-fermeture.fr\/#\/schema\/logo\/image\/","url":"https:\/\/expert-fermeture.fr\/wp-content\/uploads\/2024\/11\/Logo-new-1.svg","contentUrl":"https:\/\/expert-fermeture.fr\/wp-content\/uploads\/2024\/11\/Logo-new-1.svg","width":653,"height":190,"caption":"Expert Fermeture"},"image":{"@id":"https:\/\/expert-fermeture.fr\/#\/schema\/logo\/image\/"}}]}},"_links":{"self":[{"href":"https:\/\/expert-fermeture.fr\/index.php\/wp-json\/wp\/v2\/pages\/361","targetHints":{"allow":["GET"]}}],"collection":[{"href":"https:\/\/expert-fermeture.fr\/index.php\/wp-json\/wp\/v2\/pages"}],"about":[{"href":"https:\/\/expert-fermeture.fr\/index.php\/wp-json\/wp\/v2\/types\/page"}],"author":[{"embeddable":true,"href":"https:\/\/expert-fermeture.fr\/index.php\/wp-json\/wp\/v2\/users\/1"}],"replies":[{"embeddable":true,"href":"https:\/\/expert-fermeture.fr\/index.php\/wp-json\/wp\/v2\/comments?post=361"}],"version-history":[{"count":13,"href":"https:\/\/expert-fermeture.fr\/index.php\/wp-json\/wp\/v2\/pages\/361\/revisions"}],"predecessor-version":[{"id":377,"href":"https:\/\/expert-fermeture.fr\/index.php\/wp-json\/wp\/v2\/pages\/361\/revisions\/377"}],"wp:attachment":[{"href":"https:\/\/expert-fermeture.fr\/index.php\/wp-json\/wp\/v2\/media?parent=361"}],"curies":[{"name":"wp","href":"https:\/\/api.w.org\/{rel}","templated":true}]}}